{"id":28,"date":"2026-02-02T18:58:44","date_gmt":"2026-02-02T17:58:44","guid":{"rendered":"https:\/\/www.ha-es-vau.de\/?page_id=28"},"modified":"2026-02-04T11:57:21","modified_gmt":"2026-02-04T10:57:21","slug":"datenschutz","status":"publish","type":"page","link":"https:\/\/www.ha-es-vau.de\/?page_id=28","title":{"rendered":"Datenschutz"},"content":{"rendered":"\n<div class=\"wp-block-group has-global-padding is-layout-constrained wp-container-core-group-is-layout-c4c01bca wp-block-group-is-layout-constrained\" style=\"margin-top:0;margin-bottom:0;padding-top:0;padding-right:0;padding-bottom:0;padding-left:0\">\n<p class=\"has-x-large-font-size\"><strong>1. Datenschutz auf einen Blick<\/strong><\/p>\n\n\n\n<p class=\"has-large-font-size\"><strong>Allgemeine Hinweise<\/strong><\/p>\n\n\n\n<p class=\"has-medium-font-size\">Die folgenden Hinweise geben einen einfachen \u00dcberblick dar\u00fcber, was mit Ihren personenbezogenen Daten passiert, wenn Sie unsere Website besuchen.<\/p>\n\n\n\n<p class=\"has-medium-font-size\">Ausf\u00fchrliche Informationen zum Thema Datenschutz entnehmen Sie der unter diesem Text aufgef\u00fchrten Datenschutzerkl\u00e4rung.<\/p>\n\n\n\n<p class=\"has-medium-font-size\">Personenbezogene Daten sind alle Daten, mit denen Sie pers\u00f6nlich identifiziert werden k\u00f6nnen.<\/p>\n\n\n\n<p class=\"has-x-large-font-size\"><strong>2. Allgemeine Hinweise und Pflichtinformationen<\/strong><\/p>\n\n\n\n<p><strong>Datenschutz<\/strong><\/p>\n\n\n\n<p class=\"has-medium-font-size\">Die Betreiber dieser Seiten nehmen den Schutz Ihrer pers\u00f6nlichen Daten sehr ernst.<\/p>\n\n\n\n<p class=\"has-medium-font-size\">Wir behandeln Ihre personenbezogenen Daten vertraulich und entsprechend den gesetzlichen Datenschutzvorschriften sowie dieser Datenschutzerkl\u00e4rung.<\/p>\n\n\n\n<p class=\"has-medium-font-size\">Wenn Sie diese Website benutzen, werden verschiedene personenbezogene Daten erhoben.<\/p>\n\n\n\n<p class=\"has-medium-font-size\">Personenbezogene Daten sind Daten, mit denen Sie pers\u00f6nlich identifiziert werden k\u00f6nnen.<\/p>\n\n\n\n<p class=\"has-medium-font-size\">Diese Datenschutzerkl\u00e4rung erl\u00e4utert, welche Daten wir erheben und wof\u00fcr wir sie nutzen.<\/p>\n\n\n\n<p class=\"has-medium-font-size\">Sie erl\u00e4utert auch, wie und zu welchem Zweck dies geschieht.<\/p>\n\n\n\n<p class=\"has-medium-font-size\">Wir weisen darauf hin, dass die Daten\u00fcbertragung im Internet (z. B. bei der Kommunikation per E-Mail) Sicherheitsl\u00fccken aufweisen kann.<\/p>\n\n\n\n<p class=\"has-medium-font-size\">Ein l\u00fcckenloser Schutz der Daten vor dem Zugriff durch Dritte ist nicht m\u00f6glich.<\/p>\n\n\n\n<p class=\"has-large-font-size\"><strong>Hinweis zur verantwortlichen Stelle<\/strong><\/p>\n\n\n\n<p class=\"has-medium-font-size\">Die verantwortliche Stelle f\u00fcr die Datenverarbeitung auf dieser Website ist:<\/p>\n\n\n\n<p class=\"has-medium-font-size\">Bernd B\u00e4rmann (Presi)<\/p>\n\n\n\n<p class=\"has-medium-font-size\">Waldweg 32<\/p>\n\n\n\n<p>29358 Eicklingen<\/p>\n\n\n\n<p class=\"has-medium-font-size\">Mobil: 0152 01900933<\/p>\n\n\n\n<p class=\"has-medium-font-size\">E-Mail: bernd.baermann@gmx.de<\/p>\n\n\n\n<p class=\"has-medium-font-size\">Verantwortliche Stelle ist die nat\u00fcrliche oder juristische Person, die allein oder gemeinsam mit anderen \u00fcber die Zwecke und Mittel der Verarbeitung von personenbezogenen Daten<\/p>\n\n\n\n<p class=\"has-medium-font-size\">(z. B. Namen, E-Mail-Adressen o. \u00c4.) entscheidet.<\/p>\n\n\n\n<p><strong>Widerspruch gegen Werbe-Mails<\/strong><\/p>\n\n\n\n<p class=\"has-medium-font-size\">Der Nutzung von im Rahmen der Impressumspflicht ver\u00f6ffentlichten Kontaktdaten zur \u00dcbersendung von nicht ausdr\u00fccklich angeforderter Werbung und Informationsmaterialien wird hiermit widersprochen.<\/p>\n\n\n\n<p class=\"has-medium-font-size\">Die Betreiber der Seiten behalten sich ausdr\u00fccklich rechtliche Schritte im Falle der unverlangten Zusendung von Werbeinformationen, etwa durch Spam-E-Mails, vor.<\/p>\n\n\n\n<p class=\"has-x-large-font-size\"><strong>3. Datenerfassung auf unserer Website<\/strong><\/p>\n\n\n\n<p><strong>Cookies<\/strong><\/p>\n\n\n\n<p class=\"has-medium-font-size\">Unsere Internetseiten verwenden teilweise sogenannte Cookies. Cookies richten auf Ihrem Rechner keinen Schaden an und enthalten keine Viren. Cookies dienen dazu, unser Angebot nutzerfreundlicher, effektiver und sicherer zu machen.<\/p>\n\n\n\n<p class=\"has-medium-font-size\">Die meisten der von uns verwendeten Cookies sind sogenannte Session-Cookies. Sie werden nach Ende Ihres Besuchs automatisch gel\u00f6scht. Andere Cookies bleiben auf Ihrem Endger\u00e4t gespeichert, bis Sie diese l\u00f6schen. Diese Cookies erm\u00f6glichen es uns, Ihren Browser beim n\u00e4chsten Besuch wiederzuerkennen.<\/p>\n\n\n\n<p class=\"has-medium-font-size\">Sie k\u00f6nnen Ihren Browser so einstellen, dass Sie \u00fcber das Setzen von Cookies informiert werden und Cookies nur im Einzelfall erlauben, die Annahme von Cookies f\u00fcr bestimmte F\u00e4lle oder generell ausschlie\u00dfen sowie das automatische L\u00f6schen der Cookies beim Schlie\u00dfen des Browsers aktivieren.<\/p>\n\n\n\n<p class=\"has-medium-font-size\">Bei der Deaktivierung von Cookies kann die Funktionalit\u00e4t dieser Webseite eingeschchr\u00e4nkt sein.<\/p>\n\n\n\n<p><strong>Server-Log-Dateien<\/strong><\/p>\n\n\n\n<p class=\"has-medium-font-size\">Der Provider der Seiten erhebt und speichert automatisch Informationen in sogenannten Server-Log-Dateien, die Ihr Browser automatisch an uns \u00fcbermittelt.<\/p>\n\n\n\n<p class=\"has-medium-font-size\">Dies sind insbesondere:<\/p>\n\n\n\n<ul class=\"wp-block-list\">\n<li class=\"has-medium-font-size\">Browsertyp und Browserversion<\/li>\n\n\n\n<li class=\"has-medium-font-size\">verwendetes Betriebssystem<\/li>\n\n\n\n<li class=\"has-medium-font-size\">Referrer-URL<\/li>\n\n\n\n<li class=\"has-medium-font-size\">Hostname des zugreifenden Rechners<\/li>\n\n\n\n<li class=\"has-medium-font-size\">Uhrzeit der Serveranfrage<\/li>\n\n\n\n<li class=\"has-medium-font-size\">IP-Adresse<\/li>\n<\/ul>\n\n\n\n<p class=\"has-medium-font-size\">Eine Zusammenf\u00fchrung dieser Daten mit anderen Datenquellen wird nicht vorgenommen.<\/p>\n\n\n\n<p class=\"has-medium-font-size\">Der Websitebetreiber hat ein berechtigtes Interesse an der technisch fehlerfreien Darstellung und der Optimierung seiner Website \u2013 hierzu m\u00fcssen die Server-Log-Dateien erfasst werden.<\/p>\n\n\n\n<p class=\"has-medium-font-size\">Die Verarbeitung der Daten erfolgt auf Grundlage von Art. 6 Abs. 1 lit. f DSGVO.<\/p>\n<\/div>\n","protected":false},"excerpt":{"rendered":"<p>1. Datenschutz auf einen Blick Allgemeine Hinweise Die folgenden Hinweise geben einen einfachen \u00dcberblick dar\u00fcber, was mit Ihren personenbezogenen Daten passiert, wenn Sie unsere Website besuchen. Ausf\u00fchrliche Informationen zum Thema Datenschutz entnehmen Sie der unter diesem Text aufgef\u00fchrten Datenschutzerkl\u00e4rung. Personenbezogene Daten sind alle Daten, mit denen Sie pers\u00f6nlich identifiziert werden k\u00f6nnen. 2. Allgemeine Hinweise und [&hellip;]<\/p>\n","protected":false},"author":1,"featured_media":0,"parent":0,"menu_order":0,"comment_status":"closed","ping_status":"closed","template":"","meta":{"footnotes":""},"class_list":["post-28","page","type-page","status-publish","hentry"],"_links":{"self":[{"href":"https:\/\/www.ha-es-vau.de\/index.php?rest_route=\/wp\/v2\/pages\/28","targetHints":{"allow":["GET"]}}],"collection":[{"href":"https:\/\/www.ha-es-vau.de\/index.php?rest_route=\/wp\/v2\/pages"}],"about":[{"href":"https:\/\/www.ha-es-vau.de\/index.php?rest_route=\/wp\/v2\/types\/page"}],"author":[{"embeddable":true,"href":"https:\/\/www.ha-es-vau.de\/index.php?rest_route=\/wp\/v2\/users\/1"}],"replies":[{"embeddable":true,"href":"https:\/\/www.ha-es-vau.de\/index.php?rest_route=%2Fwp%2Fv2%2Fcomments&post=28"}],"version-history":[{"count":4,"href":"https:\/\/www.ha-es-vau.de\/index.php?rest_route=\/wp\/v2\/pages\/28\/revisions"}],"predecessor-version":[{"id":306,"href":"https:\/\/www.ha-es-vau.de\/index.php?rest_route=\/wp\/v2\/pages\/28\/revisions\/306"}],"wp:attachment":[{"href":"https:\/\/www.ha-es-vau.de\/index.php?rest_route=%2Fwp%2Fv2%2Fmedia&parent=28"}],"curies":[{"name":"wp","href":"https:\/\/api.w.org\/{rel}","templated":true}]}}